{"id":633,"date":"2023-09-14T09:46:49","date_gmt":"2023-09-14T12:46:49","guid":{"rendered":"https:\/\/igvet.com.ar\/?page_id=633"},"modified":"2023-09-14T16:15:59","modified_gmt":"2023-09-14T19:15:59","slug":"formulas-magistrales-2","status":"publish","type":"page","link":"https:\/\/igvet.com.ar\/index.php\/formulas-magistrales-2\/","title":{"rendered":"F\u00f3rmulas Magistrales"},"content":{"rendered":"\t\t<div data-elementor-type=\"wp-page\" data-elementor-id=\"633\" class=\"elementor elementor-633\">\n\t\t\t\t\t\t\t\t\t<section class=\"elementor-section elementor-top-section elementor-element elementor-element-503616d elementor-section-boxed elementor-section-height-default elementor-section-height-default\" data-id=\"503616d\" data-element_type=\"section\">\n\t\t\t\t\t\t<div class=\"elementor-container elementor-column-gap-default\">\n\t\t\t\t\t<div class=\"elementor-column elementor-col-100 elementor-top-column elementor-element elementor-element-9335eca\" data-id=\"9335eca\" data-element_type=\"column\">\n\t\t\t<div class=\"elementor-widget-wrap\">\n\t\t\t\t\t\t\t\t\t<\/div>\n\t\t<\/div>\n\t\t\t\t\t\t\t<\/div>\n\t\t<\/section>\n\t\t\t\t<section class=\"elementor-section elementor-top-section elementor-element elementor-element-73890fb elementor-section-boxed elementor-section-height-default elementor-section-height-default\" data-id=\"73890fb\" data-element_type=\"section\">\n\t\t\t\t\t\t<div class=\"elementor-container elementor-column-gap-default\">\n\t\t\t\t\t<div class=\"elementor-column elementor-col-100 elementor-top-column elementor-element elementor-element-16d02c4\" data-id=\"16d02c4\" data-element_type=\"column\">\n\t\t\t<div class=\"elementor-widget-wrap elementor-element-populated\">\n\t\t\t\t\t\t\t\t<div class=\"elementor-element elementor-element-84969a0 elementor-widget elementor-widget-text-editor\" data-id=\"84969a0\" data-element_type=\"widget\" data-widget_type=\"text-editor.default\">\n\t\t\t\t<div class=\"elementor-widget-container\">\n\t\t\t<style>\/*! elementor - v3.14.0 - 26-06-2023 *\/\n.elementor-widget-text-editor.elementor-drop-cap-view-stacked .elementor-drop-cap{background-color:#69727d;color:#fff}.elementor-widget-text-editor.elementor-drop-cap-view-framed .elementor-drop-cap{color:#69727d;border:3px solid;background-color:transparent}.elementor-widget-text-editor:not(.elementor-drop-cap-view-default) .elementor-drop-cap{margin-top:8px}.elementor-widget-text-editor:not(.elementor-drop-cap-view-default) .elementor-drop-cap-letter{width:1em;height:1em}.elementor-widget-text-editor .elementor-drop-cap{float:left;text-align:center;line-height:1;font-size:50px}.elementor-widget-text-editor .elementor-drop-cap-letter{display:inline-block}<\/style>\t\t\t\t<p>Lorem ipsum dolor sit amet, consectetur adipiscing elit. Ut elit tellus, luctus nec ullamcorper mattis, pulvinar dapibus leo.<\/p>\t\t\t\t\t\t<\/div>\n\t\t\t\t<\/div>\n\t\t\t\t\t<\/div>\n\t\t<\/div>\n\t\t\t\t\t\t\t<\/div>\n\t\t<\/section>\n\t\t\t\t<section class=\"elementor-section elementor-top-section elementor-element elementor-element-e50cd12 elementor-section-boxed elementor-section-height-default elementor-section-height-default\" data-id=\"e50cd12\" data-element_type=\"section\">\n\t\t\t\t\t\t<div class=\"elementor-container elementor-column-gap-default\">\n\t\t\t\t\t<div class=\"elementor-column elementor-col-100 elementor-top-column elementor-element elementor-element-ddf17b1\" data-id=\"ddf17b1\" data-element_type=\"column\">\n\t\t\t<div class=\"elementor-widget-wrap elementor-element-populated\">\n\t\t\t\t\t\t\t\t<div class=\"elementor-element elementor-element-06fb8e7 elementor-widget elementor-widget-image\" data-id=\"06fb8e7\" data-element_type=\"widget\" data-widget_type=\"image.default\">\n\t\t\t\t<div class=\"elementor-widget-container\">\n\t\t\t<style>\/*! elementor - v3.14.0 - 26-06-2023 *\/\n.elementor-widget-image{text-align:center}.elementor-widget-image a{display:inline-block}.elementor-widget-image a img[src$=\".svg\"]{width:48px}.elementor-widget-image img{vertical-align:middle;display:inline-block}<\/style>\t\t\t\t\t\t\t\t\t\t\t\t<img decoding=\"async\" width=\"800\" height=\"543\" src=\"https:\/\/igvet.com.ar\/wp-content\/uploads\/2023\/09\/formulasRecurso-2-1024x695.png\" class=\"attachment-large size-large wp-image-635\" alt=\"\" loading=\"lazy\" srcset=\"https:\/\/igvet.com.ar\/wp-content\/uploads\/2023\/09\/formulasRecurso-2-1024x695.png 1024w, https:\/\/igvet.com.ar\/wp-content\/uploads\/2023\/09\/formulasRecurso-2-300x204.png 300w, https:\/\/igvet.com.ar\/wp-content\/uploads\/2023\/09\/formulasRecurso-2-768x521.png 768w, https:\/\/igvet.com.ar\/wp-content\/uploads\/2023\/09\/formulasRecurso-2.png 1226w\" sizes=\"(max-width: 800px) 100vw, 800px\" \/>\t\t\t\t\t\t\t\t\t\t\t\t\t\t\t<\/div>\n\t\t\t\t<\/div>\n\t\t\t\t\t<\/div>\n\t\t<\/div>\n\t\t\t\t\t\t\t<\/div>\n\t\t<\/section>\n\t\t\t\t<section class=\"elementor-section elementor-top-section elementor-element elementor-element-6718c98 elementor-section-boxed elementor-section-height-default elementor-section-height-default\" data-id=\"6718c98\" data-element_type=\"section\">\n\t\t\t\t\t\t<div class=\"elementor-container elementor-column-gap-default\">\n\t\t\t\t\t<div class=\"elementor-column elementor-col-100 elementor-top-column elementor-element elementor-element-2897ee4\" data-id=\"2897ee4\" data-element_type=\"column\">\n\t\t\t<div class=\"elementor-widget-wrap elementor-element-populated\">\n\t\t\t\t\t\t\t\t<div class=\"elementor-element elementor-element-b30d80b elementor-widget elementor-widget-text-editor\" data-id=\"b30d80b\" data-element_type=\"widget\" data-widget_type=\"text-editor.default\">\n\t\t\t\t<div class=\"elementor-widget-container\">\n\t\t\t\t\t\t\t<p>Una receta magistral es una formulaci\u00f3n desarrollada por un profesional para un paciente.<\/p>\n<p>Este tipo de formulaciones permite que el paciente reciba el\/los frascos que necesita en la dosis exacta que considera el profesional tratante y en la forma<\/p>\n<p><strong>farmac\u00e9utica&nbsp;<\/strong>con la cual el paciente est\u00e1 m\u00e1s c\u00f3modo para su ingesta (Comprimidos saborizados o no, capsulas, sellos, papeles, gotas y jarabes) en el uso interno.<\/p>\n<p>En el uso externo cremas, (con distinta base para la mejor absorci\u00f3n) geles, pomadas, lociones, spray. Y por \u00faltimo la v\u00eda parenteral.<\/p>\n<p>Es un trabajo Artesanal desarrollado para cada paciente seg\u00fan la prescripci\u00f3n que recibi\u00f3.&nbsp;<\/p>\n<p>Trae como beneficio, adem\u00e1s de que recibe lo que necesita, que en una toma puede tener varios componentes que de otra forma le implica ingerir otros comprimidos, por ejemplo, y adem\u00e1s el costo es menor que comprar individualmente cada caja.<\/p>\n<p>O sea es pr\u00e1ctico, c\u00f3modo y econ\u00f3mico.<\/p>\n<p>En definitiva<strong> una receta magistral es la diferencia entre un traje de confecci\u00f3n y uno hecho a medida.<\/strong><\/p>\n<p>Las recetas magistrales pueden ser alop\u00e1ticas, homeop\u00e1ticas y fitoterapeuticas.&nbsp;<\/p>\n<p><\/p>\t\t\t\t\t\t<\/div>\n\t\t\t\t<\/div>\n\t\t\t\t\t<\/div>\n\t\t<\/div>\n\t\t\t\t\t\t\t<\/div>\n\t\t<\/section>\n\t\t\t\t\t\t\t<\/div>\n\t\t","protected":false},"excerpt":{"rendered":"<p>Mas ande otro criollo pasa Mart\u00edn Fierro ha de pasar, Nada la hace recular Ni las fantasmas lo espantan; Y dende que todos cantan Yo tambi\u00e9n quiero cantar. Una receta magistral es una formulaci\u00f3n desarrollada por un profesional para un paciente. Este tipo de formulaciones permite que el paciente reciba el\/los frascos que necesita en [&hellip;]<\/p>\n","protected":false},"author":1,"featured_media":0,"parent":0,"menu_order":0,"comment_status":"closed","ping_status":"closed","template":"","meta":[],"_links":{"self":[{"href":"https:\/\/igvet.com.ar\/index.php\/wp-json\/wp\/v2\/pages\/633"}],"collection":[{"href":"https:\/\/igvet.com.ar\/index.php\/wp-json\/wp\/v2\/pages"}],"about":[{"href":"https:\/\/igvet.com.ar\/index.php\/wp-json\/wp\/v2\/types\/page"}],"author":[{"embeddable":true,"href":"https:\/\/igvet.com.ar\/index.php\/wp-json\/wp\/v2\/users\/1"}],"replies":[{"embeddable":true,"href":"https:\/\/igvet.com.ar\/index.php\/wp-json\/wp\/v2\/comments?post=633"}],"version-history":[{"count":10,"href":"https:\/\/igvet.com.ar\/index.php\/wp-json\/wp\/v2\/pages\/633\/revisions"}],"predecessor-version":[{"id":648,"href":"https:\/\/igvet.com.ar\/index.php\/wp-json\/wp\/v2\/pages\/633\/revisions\/648"}],"wp:attachment":[{"href":"https:\/\/igvet.com.ar\/index.php\/wp-json\/wp\/v2\/media?parent=633"}],"curies":[{"name":"wp","href":"https:\/\/api.w.org\/{rel}","templated":true}]}}